{"id":1997,"date":"2015-06-11T13:00:24","date_gmt":"2015-06-11T18:00:24","guid":{"rendered":"http:\/\/finelineint.com\/?page_id=1997"},"modified":"2015-12-29T19:14:13","modified_gmt":"2015-12-29T19:14:13","slug":"contacto","status":"publish","type":"page","link":"https:\/\/finelineint.com\/esp\/contacto\/","title":{"rendered":"CONTACTO"},"content":{"rendered":"<div class=\"vc_row wpb_row vc_row-fluid\"><div class=\"wpb_column vc_column_container vc_col-sm-12\"><div class=\"wpb_wrapper\"><\/p>\n<div class=\"section-full-width section-light\" style=\"\" id=\"section-1\"><div style=\"background-image:url(https:\/\/finelineint.com\/esp\/wp-content\/uploads\/sites\/5\/2015\/06\/bg-contact-fineline.jpg); opacity:1; filter: alpha(opacity=100);\" class=\"full-bg-image\" ><\/div><div class=\"section-boxed\" style=\"color:#;\">\n<div class=\"wpcf7 no-js\" id=\"wpcf7-f2058-o1\" lang=\"es-ES\" dir=\"ltr\" data-wpcf7-id=\"2058\">\n<div class=\"screen-reader-response\"><p role=\"status\" aria-live=\"polite\" aria-atomic=\"true\"><\/p> <ul><\/ul><\/div>\n<form action=\"\/esp\/wp-json\/wp\/v2\/pages\/1997#wpcf7-f2058-o1\" method=\"post\" class=\"wpcf7-form init\" aria-label=\"Contact form\" novalidate=\"novalidate\" data-status=\"init\">\n<fieldset class=\"hidden-fields-container\"><input type=\"hidden\" name=\"_wpcf7\" value=\"2058\" \/><input type=\"hidden\" name=\"_wpcf7_version\" value=\"6.1.3\" \/><input type=\"hidden\" name=\"_wpcf7_locale\" value=\"es_ES\" \/><input type=\"hidden\" name=\"_wpcf7_unit_tag\" value=\"wpcf7-f2058-o1\" \/><input type=\"hidden\" name=\"_wpcf7_container_post\" value=\"0\" \/><input type=\"hidden\" name=\"_wpcf7_posted_data_hash\" value=\"\" \/>\n<\/fieldset>\n<div class=\"page-title-wrapper\">\n\t<div class=\"page-title\">\n\t\t<div class=\"content-boxed\" style=\"top: 0px;\">\n\t\t\t<h1 style=\"color: #FFF;\">CONT\u00c1CTANOS\n\t\t\t<\/h1>\n\t\t<\/div>\n\t<\/div>\n<\/div>\n<div class=\"cols-wrapper cols-2\">\n\t<div class=\"col formulario\">\n\t\t<p class=\"formulario-label\">NOMBRES Y APELLIDOS :\n\t\t<\/p>\n\t\t<p><span class=\"wpcf7-form-control-wrap\" data-name=\"your-name\"><input size=\"40\" maxlength=\"400\" class=\"wpcf7-form-control wpcf7-text wpcf7-validates-as-required\" aria-required=\"true\" aria-invalid=\"false\" value=\"\" type=\"text\" name=\"your-name\" \/><\/span>\n\t\t<\/p>\n\t\t<p class=\"formulario-label\">TEL\u00c9FONO :\n\t\t<\/p>\n\t\t<p><span class=\"wpcf7-form-control-wrap\" data-name=\"your-thelephone\"><input size=\"40\" maxlength=\"400\" class=\"wpcf7-form-control wpcf7-tel wpcf7-validates-as-required wpcf7-text wpcf7-validates-as-tel\" aria-required=\"true\" aria-invalid=\"false\" value=\"\" type=\"tel\" name=\"your-thelephone\" \/><\/span>\n\t\t<\/p>\n\t\t<p class=\"formulario-label\">CORREO ELECTR\u00d3NICO :\n\t\t<\/p>\n\t\t<p><span class=\"wpcf7-form-control-wrap\" data-name=\"your-email\"><input size=\"40\" maxlength=\"400\" class=\"wpcf7-form-control wpcf7-email wpcf7-validates-as-required wpcf7-text wpcf7-validates-as-email\" aria-required=\"true\" aria-invalid=\"false\" value=\"\" type=\"email\" name=\"your-email\" \/><\/span>\n\t\t<\/p>\n\t<\/div>\n\t<div class=\"col nomargin formulario\">\n\t\t<p class=\"formulario-label\">MENSAJE :\n\t\t<\/p>\n\t\t<p><span class=\"wpcf7-form-control-wrap\" data-name=\"your-message\"><textarea cols=\"40\" rows=\"7\" maxlength=\"2000\" class=\"wpcf7-form-control wpcf7-textarea wpcf7-validates-as-required\" aria-required=\"true\" aria-invalid=\"false\" name=\"your-message\"><\/textarea><\/span>\n\t\t<\/p>\n\t\t<p><input class=\"wpcf7-form-control wpcf7-submit has-spinner\" type=\"submit\" value=\"ENVIAR\" \/>\n\t\t<\/p>\n\t<\/div>\n<\/div><p style=\"display: none !important;\" class=\"akismet-fields-container\" data-prefix=\"_wpcf7_ak_\"><label>&#916;<textarea name=\"_wpcf7_ak_hp_textarea\" cols=\"45\" rows=\"8\" maxlength=\"100\"><\/textarea><\/label><input type=\"hidden\" id=\"ak_js_1\" name=\"_wpcf7_ak_js\" value=\"107\"\/><script>document.getElementById( \"ak_js_1\" ).setAttribute( \"value\", ( new Date() ).getTime() );<\/script><\/p><div class=\"wpcf7-response-output\" aria-hidden=\"true\"><\/div>\n<\/form>\n<\/div>\n\n<\/div><\/div>\n<p><\/div><\/div><\/div><div class=\"vc_row wpb_row vc_row-fluid\"><div class=\"nopadding wpb_column vc_column_container vc_col-sm-4\"><div class=\"wpb_wrapper\">\n\t<div class=\"wpb_raw_code wpb_content_element wpb_raw_html\">\n\t\t<div class=\"wpb_wrapper\">\n\t\t\t<center><i class=\"fa fa-envelope-o\"><\/i><\/center>\n<div class=\"datos\">E-MAIL<br>\n<strong>andydaniel@finelineint.com<\/strong>\n<\/div>\n<p>&nbsp;<\/p>\n\t\t<\/div>\n\t<\/div>\n<\/div><\/div><\/div>\n","protected":false},"excerpt":{"rendered":"CONT\u00c1CTANOS NOMBRES Y APELLIDOS : TEL\u00c9FONO : CORREO ELECTR\u00d3NICO : MENSAJE : &#916;document.getElementById( \"ak_js_2\" ).setAttribute( \"value\", ( new Date() ).getTime() [...]","protected":false},"author":1,"featured_media":0,"parent":0,"menu_order":0,"comment_status":"open","ping_status":"open","template":"template-full-custom.php","meta":{"footnotes":""},"class_list":["post-1997","page","type-page","status-publish","hentry"],"yoast_head":"<!-- This site is optimized with the Yoast SEO Premium plugin v26.4 (Yoast SEO v26.4) - https:\/\/yoast.com\/wordpress\/plugins\/seo\/ -->\n<title>Cont\u00e1ctanos - FineLine Internacional<\/title>\n<meta name=\"description\" content=\"Nuestra sucursal en Lima queda en jr. Manco Segundo 676 San Miguel, Lima. Cont\u00e1ctanos a los tel\u00e9fonos: +51 650-2434\" \/>\n<meta name=\"robots\" content=\"index, follow, max-snippet:-1, max-image-preview:large, max-video-preview:-1\" \/>\n<link rel=\"canonical\" href=\"http:\/\/finelineint.com\/esp\/contacto\/\" \/>\n<meta property=\"og:locale\" content=\"es_ES\" \/>\n<meta property=\"og:type\" content=\"article\" \/>\n<meta property=\"og:title\" content=\"CONTACTO\" \/>\n<meta property=\"og:description\" content=\"Nuestra sucursal en Lima queda en jr. Manco Segundo 676 San Miguel, Lima. Cont\u00e1ctanos a los tel\u00e9fonos: +51 650-2434\" \/>\n<meta property=\"og:url\" content=\"http:\/\/finelineint.com\/esp\/contacto\/\" \/>\n<meta property=\"og:site_name\" content=\"Esp\" \/>\n<meta property=\"article:modified_time\" content=\"2015-12-29T19:14:13+00:00\" \/>\n<meta name=\"twitter:card\" content=\"summary_large_image\" \/>\n<script type=\"application\/ld+json\" class=\"yoast-schema-graph\">{\"@context\":\"https:\/\/schema.org\",\"@graph\":[{\"@type\":\"WebPage\",\"@id\":\"http:\/\/finelineint.com\/esp\/contacto\/\",\"url\":\"http:\/\/finelineint.com\/esp\/contacto\/\",\"name\":\"Cont\u00e1ctanos - FineLine Internacional\",\"isPartOf\":{\"@id\":\"http:\/\/finelineint.com\/esp\/#website\"},\"datePublished\":\"2015-06-11T18:00:24+00:00\",\"dateModified\":\"2015-12-29T19:14:13+00:00\",\"description\":\"Nuestra sucursal en Lima queda en jr. Manco Segundo 676 San Miguel, Lima. Cont\u00e1ctanos a los tel\u00e9fonos: +51 650-2434\",\"breadcrumb\":{\"@id\":\"http:\/\/finelineint.com\/esp\/contacto\/#breadcrumb\"},\"inLanguage\":\"es\",\"potentialAction\":[{\"@type\":\"ReadAction\",\"target\":[\"http:\/\/finelineint.com\/esp\/contacto\/\"]}]},{\"@type\":\"BreadcrumbList\",\"@id\":\"http:\/\/finelineint.com\/esp\/contacto\/#breadcrumb\",\"itemListElement\":[{\"@type\":\"ListItem\",\"position\":1,\"name\":\"Home\",\"item\":\"http:\/\/finelineint.com\/esp\/\"},{\"@type\":\"ListItem\",\"position\":2,\"name\":\"CONTACTO\"}]},{\"@type\":\"WebSite\",\"@id\":\"http:\/\/finelineint.com\/esp\/#website\",\"url\":\"http:\/\/finelineint.com\/esp\/\",\"name\":\"Esp\",\"description\":\"Ofreciendo los mejores gr\u00e1ficos y dise\u00f1os internacionalmente\",\"potentialAction\":[{\"@type\":\"SearchAction\",\"target\":{\"@type\":\"EntryPoint\",\"urlTemplate\":\"http:\/\/finelineint.com\/esp\/?s={search_term_string}\"},\"query-input\":{\"@type\":\"PropertyValueSpecification\",\"valueRequired\":true,\"valueName\":\"search_term_string\"}}],\"inLanguage\":\"es\"}]}<\/script>\n<!-- \/ Yoast SEO Premium plugin. -->","yoast_head_json":{"title":"Cont\u00e1ctanos - FineLine Internacional","description":"Nuestra sucursal en Lima queda en jr. Manco Segundo 676 San Miguel, Lima. Cont\u00e1ctanos a los tel\u00e9fonos: +51 650-2434","robots":{"index":"index","follow":"follow","max-snippet":"max-snippet:-1","max-image-preview":"max-image-preview:large","max-video-preview":"max-video-preview:-1"},"canonical":"http:\/\/finelineint.com\/esp\/contacto\/","og_locale":"es_ES","og_type":"article","og_title":"CONTACTO","og_description":"Nuestra sucursal en Lima queda en jr. Manco Segundo 676 San Miguel, Lima. Cont\u00e1ctanos a los tel\u00e9fonos: +51 650-2434","og_url":"http:\/\/finelineint.com\/esp\/contacto\/","og_site_name":"Esp","article_modified_time":"2015-12-29T19:14:13+00:00","twitter_card":"summary_large_image","schema":{"@context":"https:\/\/schema.org","@graph":[{"@type":"WebPage","@id":"http:\/\/finelineint.com\/esp\/contacto\/","url":"http:\/\/finelineint.com\/esp\/contacto\/","name":"Cont\u00e1ctanos - FineLine Internacional","isPartOf":{"@id":"http:\/\/finelineint.com\/esp\/#website"},"datePublished":"2015-06-11T18:00:24+00:00","dateModified":"2015-12-29T19:14:13+00:00","description":"Nuestra sucursal en Lima queda en jr. Manco Segundo 676 San Miguel, Lima. Cont\u00e1ctanos a los tel\u00e9fonos: +51 650-2434","breadcrumb":{"@id":"http:\/\/finelineint.com\/esp\/contacto\/#breadcrumb"},"inLanguage":"es","potentialAction":[{"@type":"ReadAction","target":["http:\/\/finelineint.com\/esp\/contacto\/"]}]},{"@type":"BreadcrumbList","@id":"http:\/\/finelineint.com\/esp\/contacto\/#breadcrumb","itemListElement":[{"@type":"ListItem","position":1,"name":"Home","item":"http:\/\/finelineint.com\/esp\/"},{"@type":"ListItem","position":2,"name":"CONTACTO"}]},{"@type":"WebSite","@id":"http:\/\/finelineint.com\/esp\/#website","url":"http:\/\/finelineint.com\/esp\/","name":"Esp","description":"Ofreciendo los mejores gr\u00e1ficos y dise\u00f1os internacionalmente","potentialAction":[{"@type":"SearchAction","target":{"@type":"EntryPoint","urlTemplate":"http:\/\/finelineint.com\/esp\/?s={search_term_string}"},"query-input":{"@type":"PropertyValueSpecification","valueRequired":true,"valueName":"search_term_string"}}],"inLanguage":"es"}]}},"_links":{"self":[{"href":"https:\/\/finelineint.com\/esp\/wp-json\/wp\/v2\/pages\/1997","targetHints":{"allow":["GET"]}}],"collection":[{"href":"https:\/\/finelineint.com\/esp\/wp-json\/wp\/v2\/pages"}],"about":[{"href":"https:\/\/finelineint.com\/esp\/wp-json\/wp\/v2\/types\/page"}],"author":[{"embeddable":true,"href":"https:\/\/finelineint.com\/esp\/wp-json\/wp\/v2\/users\/1"}],"replies":[{"embeddable":true,"href":"https:\/\/finelineint.com\/esp\/wp-json\/wp\/v2\/comments?post=1997"}],"version-history":[{"count":7,"href":"https:\/\/finelineint.com\/esp\/wp-json\/wp\/v2\/pages\/1997\/revisions"}],"predecessor-version":[{"id":2390,"href":"https:\/\/finelineint.com\/esp\/wp-json\/wp\/v2\/pages\/1997\/revisions\/2390"}],"wp:attachment":[{"href":"https:\/\/finelineint.com\/esp\/wp-json\/wp\/v2\/media?parent=1997"}],"curies":[{"name":"wp","href":"https:\/\/api.w.org\/{rel}","templated":true}]}}